{"id":38764,"date":"2023-09-11T17:24:57","date_gmt":"2023-09-12T01:24:57","guid":{"rendered":"https:\/\/detransinfo.com\/?page_id=38764"},"modified":"2024-09-24T05:21:53","modified_gmt":"2024-09-24T13:21:53","slug":"cultural-references","status":"publish","type":"page","link":"https:\/\/detransinfo.com\/fr\/cultural-references\/","title":{"rendered":"R\u00e9f\u00e9rences culturelles"},"content":{"rendered":"<p>[et_pb_section fb_built=&#8221;1&#8243; _builder_version=&#8221;4.22.1&#8243; _module_preset=&#8221;default&#8221; global_colors_info=&#8221;{}&#8221;][et_pb_row _builder_version=&#8221;4.22.1&#8243; _module_preset=&#8221;default&#8221; custom_padding=&#8221;10px||3px|||&#8221; global_colors_info=&#8221;{}&#8221;][et_pb_column type=&#8221;4_4&#8243; _builder_version=&#8221;4.22.1&#8243; _module_preset=&#8221;default&#8221; global_colors_info=&#8221;{}&#8221;][et_pb_post_title meta=&#8221;off&#8221; featured_image=&#8221;off&#8221; _builder_version=&#8221;4.16&#8243; _module_preset=&#8221;default&#8221; title_font=&#8221;|800|||||||&#8221; title_text_align=&#8221;center&#8221; title_font_size=&#8221;45px&#8221; title_font_size_tablet=&#8221;35px&#8221; title_font_size_phone=&#8221;30px&#8221; title_font_size_last_edited=&#8221;on|phone&#8221; global_colors_info=&#8221;{}&#8221;][\/et_pb_post_title][\/et_pb_column][\/et_pb_row][et_pb_row _builder_version=&#8221;4.22.1&#8243; _module_preset=&#8221;default&#8221; custom_padding=&#8221;||2px|||&#8221; global_colors_info=&#8221;{}&#8221;][et_pb_column type=&#8221;4_4&#8243; _builder_version=&#8221;4.22.1&#8243; _module_preset=&#8221;default&#8221; global_colors_info=&#8221;{}&#8221;][et_pb_text _builder_version=&#8221;4.16&#8243; _module_preset=&#8221;default&#8221; text_text_color=&#8221;#21204B&#8221; header_2_font=&#8221;|700|||||||&#8221; header_2_text_align=&#8221;left&#8221; header_2_font_size=&#8221;33px&#8221; text_orientation=&#8221;center&#8221; width=&#8221;100%&#8221; width_tablet=&#8221;&#8221; width_phone=&#8221;&#8221; width_last_edited=&#8221;on|tablet&#8221; module_alignment=&#8221;center&#8221; header_2_text_align_tablet=&#8221;center&#8221; header_2_text_align_phone=&#8221;&#8221; header_2_text_align_last_edited=&#8221;on|tablet&#8221; header_2_font_size_tablet=&#8221;26px&#8221; header_2_font_size_phone=&#8221;18px&#8221; header_2_font_size_last_edited=&#8221;on|phone&#8221; global_colors_info=&#8221;{}&#8221;]<\/p>\n<h2>Youtube Videos About Detransition<\/h2>\n<p>[\/et_pb_text][\/et_pb_column][\/et_pb_row][et_pb_row column_structure=&#8221;1_3,1_3,1_3&#8243; _builder_version=&#8221;4.16&#8243; _module_preset=&#8221;default&#8221; width_tablet=&#8221;75%&#8221; width_phone=&#8221;&#8221; width_last_edited=&#8221;on|phone&#8221; custom_margin=&#8221;||||false|false&#8221; custom_padding=&#8221;||70px|||&#8221; global_colors_info=&#8221;{}&#8221;][et_pb_column type=&#8221;1_3&#8243; _builder_version=&#8221;4.16&#8243; _module_preset=&#8221;default&#8221; custom_padding=&#8221;|30px|||false|false&#8221; custom_padding_tablet=&#8221;|0px|||false|false&#8221; custom_padding_phone=&#8221;&#8221; custom_padding_last_edited=&#8221;on|tablet&#8221; global_colors_info=&#8221;{}&#8221;][et_pb_video src=&#8221;https:\/\/www.youtube.com\/watch?v=RZKmXSu6Afg&#038;themeRefresh=1&#8243; _builder_version=&#8221;4.16&#8243; _module_preset=&#8221;default&#8221; custom_margin_tablet=&#8221;||30px||false|false&#8221; custom_margin_phone=&#8221;&#8221; custom_margin_last_edited=&#8221;on|tablet&#8221; global_colors_info=&#8221;{}&#8221;][\/et_pb_video][\/et_pb_column][et_pb_column type=&#8221;1_3&#8243; _builder_version=&#8221;4.16&#8243; _module_preset=&#8221;default&#8221; custom_padding=&#8221;|15px||15px|false|true&#8221; custom_padding_tablet=&#8221;|0px|30px|0px|false|true&#8221; custom_padding_phone=&#8221;&#8221; custom_padding_last_edited=&#8221;on|tablet&#8221; global_colors_info=&#8221;{}&#8221;][et_pb_video src=&#8221;https:\/\/www.youtube.com\/watch?v=dl0LZZFos-g&#038;ab_channel=Jubilee&#8221; thumbnail_overlay_color=&#8221;rgba(0,0,0,0.6)&#8221; _builder_version=&#8221;4.16&#8243; _module_preset=&#8221;default&#8221; global_colors_info=&#8221;{}&#8221;][\/et_pb_video][\/et_pb_column][et_pb_column type=&#8221;1_3&#8243; _builder_version=&#8221;4.16&#8243; _module_preset=&#8221;default&#8221; custom_padding=&#8221;|15px||15px|false|true&#8221; custom_padding_tablet=&#8221;|0px|30px|0px|false|true&#8221; custom_padding_phone=&#8221;&#8221; custom_padding_last_edited=&#8221;on|tablet&#8221; global_colors_info=&#8221;{}&#8221;][et_pb_video src=&#8221;https:\/\/www.youtube.com\/watch?v=JxLAxhhZwGo&#8221; _builder_version=&#8221;4.27.0&#8243; _module_preset=&#8221;default&#8221; global_colors_info=&#8221;{}&#8221;][\/et_pb_video][\/et_pb_column][\/et_pb_row][et_pb_row column_structure=&#8221;1_3,1_3,1_3&#8243; _builder_version=&#8221;4.16&#8243; _module_preset=&#8221;default&#8221; width_tablet=&#8221;75%&#8221; width_phone=&#8221;&#8221; width_last_edited=&#8221;on|phone&#8221; custom_margin=&#8221;||||false|false&#8221; custom_padding=&#8221;||70px|||&#8221; global_colors_info=&#8221;{}&#8221;][et_pb_column type=&#8221;1_3&#8243; _builder_version=&#8221;4.16&#8243; _module_preset=&#8221;default&#8221; custom_padding=&#8221;|30px|||false|false&#8221; custom_padding_tablet=&#8221;|0px|||false|false&#8221; custom_padding_phone=&#8221;&#8221; custom_padding_last_edited=&#8221;on|tablet&#8221; global_colors_info=&#8221;{}&#8221;][et_pb_video src=&#8221;https:\/\/www.youtube.com\/watch?v=b7chDfHSnHU&#038;ab_channel=Humanity&#8221; _builder_version=&#8221;4.16&#8243; _module_preset=&#8221;default&#8221; global_colors_info=&#8221;{}&#8221;][\/et_pb_video][\/et_pb_column][et_pb_column type=&#8221;1_3&#8243; _builder_version=&#8221;4.16&#8243; _module_preset=&#8221;default&#8221; custom_padding=&#8221;|15px||15px|false|true&#8221; custom_padding_tablet=&#8221;|0px|30px|0px|false|true&#8221; custom_padding_phone=&#8221;&#8221; custom_padding_last_edited=&#8221;on|tablet&#8221; global_colors_info=&#8221;{}&#8221;][et_pb_video src=&#8221;https:\/\/www.youtube.com\/watch?v=GNsttAR4c4E&#038;t=1582s&#038;ab_channel=kitten&#8221; _builder_version=&#8221;4.16&#8243; _module_preset=&#8221;default&#8221; global_colors_info=&#8221;{}&#8221;][\/et_pb_video][\/et_pb_column][et_pb_column type=&#8221;1_3&#8243; _builder_version=&#8221;4.16&#8243; _module_preset=&#8221;default&#8221; custom_padding=&#8221;|15px||15px|false|true&#8221; custom_padding_tablet=&#8221;|0px|30px|0px|false|true&#8221; custom_padding_phone=&#8221;&#8221; custom_padding_last_edited=&#8221;on|tablet&#8221; global_colors_info=&#8221;{}&#8221;][et_pb_video src=&#8221;https:\/\/www.youtube.com\/watch?v=LnbL74RJoYQ&#8221; _builder_version=&#8221;4.27.0&#8243; _module_preset=&#8221;default&#8221; hover_enabled=&#8221;0&#8243; global_colors_info=&#8221;{}&#8221; sticky_enabled=&#8221;0&#8243;][\/et_pb_video][\/et_pb_column][\/et_pb_row][et_pb_row column_structure=&#8221;1_3,1_3,1_3&#8243; _builder_version=&#8221;4.16&#8243; _module_preset=&#8221;default&#8221; width_tablet=&#8221;75%&#8221; width_phone=&#8221;&#8221; width_last_edited=&#8221;on|phone&#8221; custom_margin=&#8221;||||false|false&#8221; custom_padding=&#8221;||70px|||&#8221; global_colors_info=&#8221;{}&#8221;][et_pb_column type=&#8221;1_3&#8243; _builder_version=&#8221;4.16&#8243; _module_preset=&#8221;default&#8221; custom_padding=&#8221;|30px|||false|false&#8221; custom_padding_tablet=&#8221;|0px|||false|false&#8221; custom_padding_phone=&#8221;&#8221; custom_padding_last_edited=&#8221;on|tablet&#8221; global_colors_info=&#8221;{}&#8221;][et_pb_video src=&#8221;https:\/\/www.youtube.com\/watch?v=UOedmL8f0_k&#038;ab_channel=NicolasBlooms&#8221; _builder_version=&#8221;4.16&#8243; _module_preset=&#8221;default&#8221; global_colors_info=&#8221;{}&#8221;][\/et_pb_video][\/et_pb_column][et_pb_column type=&#8221;1_3&#8243; _builder_version=&#8221;4.16&#8243; _module_preset=&#8221;default&#8221; custom_padding=&#8221;|15px||15px|false|true&#8221; custom_padding_tablet=&#8221;|0px|30px|0px|false|true&#8221; custom_padding_phone=&#8221;&#8221; custom_padding_last_edited=&#8221;on|tablet&#8221; global_colors_info=&#8221;{}&#8221;][et_pb_video src=&#8221;https:\/\/www.youtube.com\/watch?v=jRCURHnYsRw&#038;t=1907s&#8221; _builder_version=&#8221;4.27.0&#8243; _module_preset=&#8221;default&#8221; global_colors_info=&#8221;{}&#8221;][\/et_pb_video][\/et_pb_column][et_pb_column type=&#8221;1_3&#8243; _builder_version=&#8221;4.16&#8243; _module_preset=&#8221;default&#8221; custom_padding=&#8221;|15px||15px|false|true&#8221; custom_padding_tablet=&#8221;|0px|30px|0px|false|true&#8221; custom_padding_phone=&#8221;&#8221; custom_padding_last_edited=&#8221;on|tablet&#8221; global_colors_info=&#8221;{}&#8221;][\/et_pb_column][\/et_pb_row][\/et_pb_section][et_pb_section fb_built=&#8221;1&#8243; _builder_version=&#8221;4.22.1&#8243; _module_preset=&#8221;default&#8221; background_image=&#8221;https:\/\/detransinfo.com\/wp-content\/uploads\/2023\/08\/Divider.png&#8221; min_height=&#8221;368.6px&#8221; custom_padding=&#8221;||2px|||&#8221; global_colors_info=&#8221;{}&#8221;][et_pb_row _builder_version=&#8221;4.22.1&#8243; _module_preset=&#8221;default&#8221; global_colors_info=&#8221;{}&#8221;][et_pb_column type=&#8221;4_4&#8243; _builder_version=&#8221;4.22.1&#8243; _module_preset=&#8221;default&#8221; global_colors_info=&#8221;{}&#8221;][\/et_pb_column][\/et_pb_row][\/et_pb_section][et_pb_section fb_built=&#8221;1&#8243; _builder_version=&#8221;4.22.1&#8243; _module_preset=&#8221;default&#8221; custom_margin=&#8221;||80px||false|false&#8221; global_colors_info=&#8221;{}&#8221;][et_pb_row _builder_version=&#8221;4.22.1&#8243; _module_preset=&#8221;default&#8221; global_colors_info=&#8221;{}&#8221;][et_pb_column type=&#8221;4_4&#8243; _builder_version=&#8221;4.22.1&#8243; _module_preset=&#8221;default&#8221; global_colors_info=&#8221;{}&#8221;][et_pb_text _builder_version=&#8221;4.16&#8243; _module_preset=&#8221;default&#8221; text_text_color=&#8221;#21204B&#8221; header_2_font=&#8221;|700|||||||&#8221; header_2_font_size=&#8221;33px&#8221; text_orientation=&#8221;center&#8221; width=&#8221;62%&#8221; width_tablet=&#8221;100%&#8221; width_phone=&#8221;&#8221; width_last_edited=&#8221;on|tablet&#8221; module_alignment=&#8221;center&#8221; header_2_font_size_tablet=&#8221;26px&#8221; header_2_font_size_phone=&#8221;18px&#8221; header_2_font_size_last_edited=&#8221;on|phone&#8221; global_colors_info=&#8221;{}&#8221;]<\/p>\n<h2 class=\"p1\">Detrans and Retrans Youtube Channels<\/h2>\n<p>[\/et_pb_text][\/et_pb_column][\/et_pb_row][et_pb_row column_structure=&#8221;1_2,1_2&#8243; _builder_version=&#8221;4.16&#8243; _module_preset=&#8221;default&#8221; width=&#8221;50%&#8221; width_tablet=&#8221;80%&#8221; width_phone=&#8221;&#8221; width_last_edited=&#8221;on|tablet&#8221; global_colors_info=&#8221;{}&#8221;][et_pb_column type=&#8221;1_2&#8243; _builder_version=&#8221;4.16&#8243; _module_preset=&#8221;default&#8221; global_colors_info=&#8221;{}&#8221;][et_pb_text _builder_version=&#8221;4.23&#8243; _module_preset=&#8221;default&#8221; text_font=&#8221;|300|||||||&#8221; global_colors_info=&#8221;{}&#8221;]<\/p>\n<p><a href=\"https:\/\/www.youtube.com\/@aliaxismail\" target=\"_blank\" rel=\"noopener noreferrer\">Alia<\/a><\/p>\n<p>[\/et_pb_text][et_pb_text _builder_version=&#8221;4.23&#8243; _module_preset=&#8221;default&#8221; text_font=&#8221;|300|||||||&#8221; global_colors_info=&#8221;{}&#8221;]<\/p>\n<p><a href=\"https:\/\/www.youtube.com\/@DetransLizard\" target=\"_blank\" rel=\"noopener noreferrer\">Detrans Lizard<\/a><\/p>\n<p>[\/et_pb_text][et_pb_text _builder_version=&#8221;4.23&#8243; _module_preset=&#8221;default&#8221; text_font=&#8221;|300|||||||&#8221; global_colors_info=&#8221;{}&#8221;]<a href=\"https:\/\/www.youtube.com\/@ellepalmer\/videos\" target=\"_blank\" rel=\"noopener noreferrer\">Elle Palmer<\/a>[\/et_pb_text][et_pb_text _builder_version=&#8221;4.23&#8243; _module_preset=&#8221;default&#8221; text_font=&#8221;|300|||||||&#8221; global_colors_info=&#8221;{}&#8221;]<\/p>\n<p><a href=\"https:\/\/www.youtube.com\/@emauss7581\" target=\"_blank\" rel=\"noopener noreferrer\"><span>E Mauss<\/span><\/a><\/p>\n<p>[\/et_pb_text][\/et_pb_column][et_pb_column type=&#8221;1_2&#8243; _builder_version=&#8221;4.16&#8243; _module_preset=&#8221;default&#8221; global_colors_info=&#8221;{}&#8221;][et_pb_text _builder_version=&#8221;4.23&#8243; _module_preset=&#8221;default&#8221; text_font=&#8221;|300|||||||&#8221; custom_padding=&#8221;||1px|||&#8221; global_colors_info=&#8221;{}&#8221;]<a href=\"https:\/\/www.youtube.com\/@frankomg7317\/videos\" target=\"_blank\" rel=\"noopener noreferrer\">Frankomg<\/a>[\/et_pb_text][et_pb_text _builder_version=&#8221;4.23&#8243; _module_preset=&#8221;default&#8221; text_font=&#8221;|300|||||||&#8221; global_colors_info=&#8221;{}&#8221;]<a href=\"https:\/\/www.youtube.com\/@grlbydesign\/videos\" target=\"_blank\" rel=\"noopener noreferrer\">Natalie Day<\/a>[\/et_pb_text][et_pb_text _builder_version=&#8221;4.23&#8243; _module_preset=&#8221;default&#8221; text_font=&#8221;|300|||||||&#8221; global_colors_info=&#8221;{}&#8221;]<a href=\"https:\/\/www.youtube.com\/@nelemil6893\/videos\" target=\"_blank\" rel=\"noopener noreferrer\">Nelemil<\/a>[\/et_pb_text][et_pb_text _builder_version=&#8221;4.23&#8243; _module_preset=&#8221;default&#8221; text_font=&#8221;|300|||||||&#8221; global_colors_info=&#8221;{}&#8221;]<a href=\"https:\/\/www.youtube.com\/@piqueresilienceproject5984\/videos\" target=\"_blank\" rel=\"noopener noreferrer\">Pique Resilience Project<\/a>[\/et_pb_text][\/et_pb_column][\/et_pb_row][\/et_pb_section][et_pb_section fb_built=&#8221;1&#8243; fullwidth=&#8221;on&#8221; _builder_version=&#8221;4.5.7&#8243; _module_preset=&#8221;default&#8221; background_color=&#8221;#21204b&#8221; global_module=&#8221;39042&#8243; saved_tabs=&#8221;all&#8221; global_colors_info=&#8221;{}&#8221;][et_pb_fullwidth_code _builder_version=&#8221;4.24.3&#8243; _module_preset=&#8221;default&#8221; background_color=&#8221;rgba(0,0,0,0)&#8221; text_orientation=&#8221;center&#8221; custom_margin=&#8221;|15px||15px|true|true&#8221; custom_padding=&#8221;15px||15px||true|false&#8221; global_colors_info=&#8221;{}&#8221;]<pee  xmlns:cc=http:\/\/creativecommons.org\/ns# xmlns:dct='http:\/\/purl.org\/dc\/terms\/' style=\"color:white;font-size:14px;\"><a property=\"dct:title\" rel=\"cc:attributionURL\" href=https:\/\/detransinfo.com\/  style=\"color:white\">Detrans Support<\/a> was produced by project team members <span property=\"cc:attributionName\">Kinnon R. MacKinnon, Annie Pullen Sansfa\u00e7on, Hannah Kia, June H.S. Lam, Lori E. Ross, M\u00e9lanie Millette, Florence A. Par\u00e9, Wren A. Gould, Olivier Turbide, Morgane Gelly<\/span> is licensed under <a href='http:\/\/creativecommons.org\/licenses\/by-nc-nd\/4.0\/?' style=\"color:white\" ref=\"chooser-v1\" target=\"_blank\" rel=\"license noopener noreferrer\">CC BY-NC-ND 4.0<img style=\"height:22px!important;margin-left:3px;vertical-align:text-bottom;\" src=https:\/\/mirrors.creativecommons.org\/presskit\/icons\/cc.svg?ref=chooser-v1><img style=\"height:22px!important;margin-left:3px;vertical-align:text-bottom;\" src=https:\/\/mirrors.creativecommons.org\/presskit\/icons\/by.svg?ref=chooser-v1><img style=\"height:22px!important;margin-left:3px;vertical-align:text-bottom;\" src=https:\/\/mirrors.creativecommons.org\/presskit\/icons\/nc.svg?ref=chooser-v1><img style=\"height:22px!important;margin-left:3px;vertical-align:text-bottom;\" src=https:\/\/mirrors.creativecommons.org\/presskit\/icons\/nd.svg?ref=chooser-v1><\/a><\/pee>[\/et_pb_fullwidth_code][\/et_pb_section]<\/p>\n","protected":false},"excerpt":{"rendered":"<p>Youtube Videos About DetransitionDetrans and Retrans Youtube ChannelsAliaDetrans LizardElle PalmerE MaussFrankomgNatalie DayNelemilPique Resilience Project<\/p>","protected":false},"author":13,"featured_media":0,"parent":0,"menu_order":0,"comment_status":"closed","ping_status":"closed","template":"","meta":{"_et_pb_use_builder":"on","_et_pb_old_content":"","_et_gb_content_width":"","footnotes":""},"class_list":["post-38764","page","type-page","status-publish","hentry"],"yoast_head":"<!-- This site is optimized with the Yoast SEO plugin v26.8 - https:\/\/yoast.com\/product\/yoast-seo-wordpress\/ -->\n<title>Cultural References - Detrans Support<\/title>\n<meta name=\"description\" content=\"Detransition, retransition, identity evolution, discontinuation, gender affirming care, detrans, transgender, non-binary, LGBTQ+, Kinnon MacKinnon, retrans\" \/>\n<meta name=\"robots\" content=\"index, follow, max-snippet:-1, max-image-preview:large, max-video-preview:-1\" \/>\n<link rel=\"canonical\" href=\"https:\/\/detransinfo.com\/fr\/cultural-references\/\" \/>\n<meta property=\"og:locale\" content=\"fr_CA\" \/>\n<meta property=\"og:type\" content=\"article\" \/>\n<meta property=\"og:title\" content=\"Cultural References - Detrans Support\" \/>\n<meta property=\"og:description\" content=\"Detransition, retransition, identity evolution, discontinuation, gender affirming care, detrans, transgender, non-binary, LGBTQ+, Kinnon MacKinnon, retrans\" \/>\n<meta property=\"og:url\" content=\"https:\/\/detransinfo.com\/fr\/cultural-references\/\" \/>\n<meta property=\"og:site_name\" content=\"Detrans Support\" \/>\n<meta property=\"article:modified_time\" content=\"2024-09-24T13:21:53+00:00\" \/>\n<meta property=\"og:image\" content=\"https:\/\/detransinfo.com\/wp-content\/uploads\/2023\/09\/DetransSupportStraightEdge.png\" \/>\n\t<meta property=\"og:image:width\" content=\"130\" \/>\n\t<meta property=\"og:image:height\" content=\"84\" \/>\n\t<meta property=\"og:image:type\" content=\"image\/png\" \/>\n<meta name=\"twitter:card\" content=\"summary_large_image\" \/>\n<meta name=\"twitter:label1\" content=\"Estimation du temps de lecture\" \/>\n\t<meta name=\"twitter:data1\" content=\"2 minutes\" \/>\n<script type=\"application\/ld+json\" class=\"yoast-schema-graph\">{\"@context\":\"https:\/\/schema.org\",\"@graph\":[{\"@type\":\"WebPage\",\"@id\":\"https:\/\/detransinfo.com\/cultural-references\/\",\"url\":\"https:\/\/detransinfo.com\/cultural-references\/\",\"name\":\"Cultural References - Detrans Support\",\"isPartOf\":{\"@id\":\"https:\/\/detransinfo.com\/#website\"},\"datePublished\":\"2023-09-12T01:24:57+00:00\",\"dateModified\":\"2024-09-24T13:21:53+00:00\",\"description\":\"Detransition, retransition, identity evolution, discontinuation, gender affirming care, detrans, transgender, non-binary, LGBTQ+, Kinnon MacKinnon, retrans\",\"breadcrumb\":{\"@id\":\"https:\/\/detransinfo.com\/cultural-references\/#breadcrumb\"},\"inLanguage\":\"fr-CA\",\"potentialAction\":[{\"@type\":\"ReadAction\",\"target\":[\"https:\/\/detransinfo.com\/cultural-references\/\"]}]},{\"@type\":\"BreadcrumbList\",\"@id\":\"https:\/\/detransinfo.com\/cultural-references\/#breadcrumb\",\"itemListElement\":[{\"@type\":\"ListItem\",\"position\":1,\"name\":\"Home\",\"item\":\"https:\/\/detransinfo.com\/\"},{\"@type\":\"ListItem\",\"position\":2,\"name\":\"Cultural References\"}]},{\"@type\":\"WebSite\",\"@id\":\"https:\/\/detransinfo.com\/#website\",\"url\":\"https:\/\/detransinfo.com\/\",\"name\":\"Detrans Support\",\"description\":\"Detransition, retransition, identity evolution, discontinuation, gender affirming care, detrans, transgender, non-binary, LGBTQ+, Kinnon MacKinnon\",\"alternateName\":\"Detrans Info\",\"potentialAction\":[{\"@type\":\"SearchAction\",\"target\":{\"@type\":\"EntryPoint\",\"urlTemplate\":\"https:\/\/detransinfo.com\/?s={search_term_string}\"},\"query-input\":{\"@type\":\"PropertyValueSpecification\",\"valueRequired\":true,\"valueName\":\"search_term_string\"}}],\"inLanguage\":\"fr-CA\"}]}<\/script>\n<!-- \/ Yoast SEO plugin. -->","yoast_head_json":{"title":"Cultural References - Detrans Support","description":"Detransition, retransition, identity evolution, discontinuation, gender affirming care, detrans, transgender, non-binary, LGBTQ+, Kinnon MacKinnon, retrans","robots":{"index":"index","follow":"follow","max-snippet":"max-snippet:-1","max-image-preview":"max-image-preview:large","max-video-preview":"max-video-preview:-1"},"canonical":"https:\/\/detransinfo.com\/fr\/cultural-references\/","og_locale":"fr_CA","og_type":"article","og_title":"Cultural References - Detrans Support","og_description":"Detransition, retransition, identity evolution, discontinuation, gender affirming care, detrans, transgender, non-binary, LGBTQ+, Kinnon MacKinnon, retrans","og_url":"https:\/\/detransinfo.com\/fr\/cultural-references\/","og_site_name":"Detrans Support","article_modified_time":"2024-09-24T13:21:53+00:00","og_image":[{"width":130,"height":84,"url":"https:\/\/detransinfo.com\/wp-content\/uploads\/2023\/09\/DetransSupportStraightEdge.png","type":"image\/png"}],"twitter_card":"summary_large_image","twitter_misc":{"Estimation du temps de lecture":"2 minutes"},"schema":{"@context":"https:\/\/schema.org","@graph":[{"@type":"WebPage","@id":"https:\/\/detransinfo.com\/cultural-references\/","url":"https:\/\/detransinfo.com\/cultural-references\/","name":"Cultural References - Detrans Support","isPartOf":{"@id":"https:\/\/detransinfo.com\/#website"},"datePublished":"2023-09-12T01:24:57+00:00","dateModified":"2024-09-24T13:21:53+00:00","description":"Detransition, retransition, identity evolution, discontinuation, gender affirming care, detrans, transgender, non-binary, LGBTQ+, Kinnon MacKinnon, retrans","breadcrumb":{"@id":"https:\/\/detransinfo.com\/cultural-references\/#breadcrumb"},"inLanguage":"fr-CA","potentialAction":[{"@type":"ReadAction","target":["https:\/\/detransinfo.com\/cultural-references\/"]}]},{"@type":"BreadcrumbList","@id":"https:\/\/detransinfo.com\/cultural-references\/#breadcrumb","itemListElement":[{"@type":"ListItem","position":1,"name":"Home","item":"https:\/\/detransinfo.com\/"},{"@type":"ListItem","position":2,"name":"Cultural References"}]},{"@type":"WebSite","@id":"https:\/\/detransinfo.com\/#website","url":"https:\/\/detransinfo.com\/","name":"D\u00e9trans Info","description":"Detransition, retransition, identity evolution, discontinuation, gender affirming care, detrans, transgender, non-binary, LGBTQ+, Kinnon MacKinnon","alternateName":"Detrans Info","potentialAction":[{"@type":"SearchAction","target":{"@type":"EntryPoint","urlTemplate":"https:\/\/detransinfo.com\/?s={search_term_string}"},"query-input":{"@type":"PropertyValueSpecification","valueRequired":true,"valueName":"search_term_string"}}],"inLanguage":"fr-CA"}]}},"_links":{"self":[{"href":"https:\/\/detransinfo.com\/fr\/wp-json\/wp\/v2\/pages\/38764","targetHints":{"allow":["GET"]}}],"collection":[{"href":"https:\/\/detransinfo.com\/fr\/wp-json\/wp\/v2\/pages"}],"about":[{"href":"https:\/\/detransinfo.com\/fr\/wp-json\/wp\/v2\/types\/page"}],"author":[{"embeddable":true,"href":"https:\/\/detransinfo.com\/fr\/wp-json\/wp\/v2\/users\/13"}],"replies":[{"embeddable":true,"href":"https:\/\/detransinfo.com\/fr\/wp-json\/wp\/v2\/comments?post=38764"}],"version-history":[{"count":23,"href":"https:\/\/detransinfo.com\/fr\/wp-json\/wp\/v2\/pages\/38764\/revisions"}],"predecessor-version":[{"id":39171,"href":"https:\/\/detransinfo.com\/fr\/wp-json\/wp\/v2\/pages\/38764\/revisions\/39171"}],"wp:attachment":[{"href":"https:\/\/detransinfo.com\/fr\/wp-json\/wp\/v2\/media?parent=38764"}],"curies":[{"name":"wp","href":"https:\/\/api.w.org\/{rel}","templated":true}]}}