{"id":38762,"date":"2023-09-11T17:24:27","date_gmt":"2023-09-12T01:24:27","guid":{"rendered":"https:\/\/detransinfo.com\/?page_id=38762"},"modified":"2024-09-26T05:34:13","modified_gmt":"2024-09-26T13:34:13","slug":"team-articles","status":"publish","type":"page","link":"https:\/\/detransinfo.com\/fr\/team-articles\/","title":{"rendered":"Articles de l\u2019\u00e9quipe"},"content":{"rendered":"<p>[et_pb_section fb_built=&#8221;1&#8243; _builder_version=&#8221;4.22.1&#8243; _module_preset=&#8221;default&#8221; global_colors_info=&#8221;{}&#8221;][et_pb_row _builder_version=&#8221;4.16&#8243; _module_preset=&#8221;default&#8221; custom_padding=&#8221;60px||60px||true|false&#8221; global_colors_info=&#8221;{}&#8221;][et_pb_column type=&#8221;4_4&#8243; _builder_version=&#8221;4.22.1&#8243; _module_preset=&#8221;default&#8221; global_colors_info=&#8221;{}&#8221;][et_pb_post_title meta=&#8221;off&#8221; featured_image=&#8221;off&#8221; _builder_version=&#8221;4.22.1&#8243; _module_preset=&#8221;default&#8221; title_font=&#8221;|800|||||||&#8221; title_text_align=&#8221;center&#8221; title_font_size=&#8221;45px&#8221; global_colors_info=&#8221;{}&#8221;][\/et_pb_post_title][\/et_pb_column][\/et_pb_row][et_pb_row _builder_version=&#8221;4.16&#8243; _module_preset=&#8221;default&#8221; custom_padding=&#8221;0px||60px|||&#8221; global_colors_info=&#8221;{}&#8221;][et_pb_column type=&#8221;4_4&#8243; _builder_version=&#8221;4.16&#8243; _module_preset=&#8221;default&#8221; global_colors_info=&#8221;{}&#8221;][et_pb_text _builder_version=&#8221;4.27.0&#8243; _module_preset=&#8221;default&#8221; hover_enabled=&#8221;0&#8243; global_colors_info=&#8221;{}&#8221; sticky_enabled=&#8221;0&#8243;]<\/p>\n<div class=\"page\" title=\"Page 1\">\n<div class=\"section\">\n<div class=\"layoutArea\">\n<div class=\"column\">\n<p><a href=\"https:\/\/detransinfo.com\/wp-content\/uploads\/2023\/10\/Pullen-Sansfacon-detrans-youth-study-.pdf\" target=\"_blank\" rel=\"noopener noreferrer\">A Nuanced Look Into Youth Journeys of Gender Transition and Detransition<\/a><\/p>\n<p><a href=\"https:\/\/detransinfo.com\/detransition-needs-understanding-mackinnon-et-al\/\" target=\"_blank\" rel=\"noopener noreferrer\">Detransition needs further understanding, not controversy<\/a><\/p>\n<p><a href=\"https:\/\/detransinfo.com\/wp-content\/uploads\/2023\/09\/Detransition-Narratives-Trouble-the-Simple-Attribution-of-Madness_Gould-et-al.pdf\" target=\"_blank\" rel=\"noopener noreferrer\"><span>Detransition Narratives Trouble the\u00a0Simple Attribution of\u00a0Madness in\u00a0Transantagonistic Contexts: A\u00a0Qualitative Analysis of\u00a016 Canadians\u2019 Experiences<\/span><\/a><a href=\"https:\/\/detransinfo.com\/wp-content\/uploads\/2023\/09\/Detransphobia_BATS_2022.pdf\" target=\"_blank\" rel=\"noopener noreferrer\"><\/a><\/p>\n<p><a href=\"https:\/\/detransinfo.com\/wp-content\/uploads\/2023\/09\/Detransphobia_BATS_2022.pdf\" target=\"_blank\" rel=\"noopener noreferrer\">(De)Transphobia: Examining the Socio-Politically Driven Gender Minority Stressors Experienced by People Who Detransitioned<\/a><\/p>\n<p><a href=\"https:\/\/doi.org\/10.1016\/j.jadohealth.2024.05.015\" target=\"_blank\" rel=\"noopener\">Discontinuation of Gender-Affirming Medical Treatments: Prevalence and Associated Features in a Nonprobabilistic Sample of Transgender and Gender-Diverse Adolescents and Young Adults in Canada and the United States<\/a><\/p>\n<p><a href=\"https:\/\/detransinfo.com\/2022-jama-ntwork-discontinuing-gam\/\" target=\"_blank\" rel=\"noopener noreferrer\">Health Care Experiences of Patients Discontinuing or Reversing Prior Gender-Affirming Treatments<\/a><\/p>\n<p><a href=\"https:\/\/detransinfo.com\/wp-content\/uploads\/2023\/09\/MacKinnon-et-al.-2021-Preventing-tr-ansition-regret-An-institutional-e.pdf\" target=\"_blank\" rel=\"noopener noreferrer\">Preventing transition \u201cregret\u201d: An institutional ethnography of gender-affirming medical care assessment practices in Canada<\/a><\/p>\n<p><a href=\"https:\/\/detransinfo.com\/wp-content\/uploads\/2023\/10\/FinalReDeTransCanada-Oct42023.pdf\" target=\"_blank\" rel=\"noopener noreferrer\">Re\/DeTrans Canada Study: A Community Report.<\/a><\/p>\n<p><a href=\"https:\/\/detransinfo.com\/pullen-sansfacon-et-al-2023-understand-ing-the-experiences-of-youth-who-have-di\/\" target=\"_blank\" rel=\"noopener noreferrer\">Understanding the Experiences of Youth Who Have Discontinued a Gender Transition: Provider Perspectives<\/a><\/p>\n<\/div>\n<\/div>\n<\/div>\n<\/div>\n<p>[\/et_pb_text][\/et_pb_column][\/et_pb_row][\/et_pb_section][et_pb_section fb_built=&#8221;1&#8243; fullwidth=&#8221;on&#8221; _builder_version=&#8221;4.5.7&#8243; _module_preset=&#8221;default&#8221; background_color=&#8221;#21204b&#8221; global_module=&#8221;39042&#8243; saved_tabs=&#8221;all&#8221; global_colors_info=&#8221;{}&#8221;][et_pb_fullwidth_code _builder_version=&#8221;4.24.3&#8243; _module_preset=&#8221;default&#8221; background_color=&#8221;rgba(0,0,0,0)&#8221; text_orientation=&#8221;center&#8221; custom_margin=&#8221;|15px||15px|true|true&#8221; custom_padding=&#8221;15px||15px||true|false&#8221; global_colors_info=&#8221;{}&#8221;]<pee  xmlns:cc=http:\/\/creativecommons.org\/ns# xmlns:dct='http:\/\/purl.org\/dc\/terms\/' style=\"color:white;font-size:14px;\"><a property=\"dct:title\" rel=\"cc:attributionURL\" href=https:\/\/detransinfo.com\/  style=\"color:white\">Detrans Support<\/a> was produced by project team members <span property=\"cc:attributionName\">Kinnon R. MacKinnon, Annie Pullen Sansfa\u00e7on, Hannah Kia, June H.S. Lam, Lori E. Ross, M\u00e9lanie Millette, Florence A. Par\u00e9, Wren A. Gould, Olivier Turbide, Morgane Gelly<\/span> is licensed under <a href='http:\/\/creativecommons.org\/licenses\/by-nc-nd\/4.0\/?' style=\"color:white\" ref=\"chooser-v1\" target=\"_blank\" rel=\"license noopener noreferrer\">CC BY-NC-ND 4.0<img style=\"height:22px!important;margin-left:3px;vertical-align:text-bottom;\" src=https:\/\/mirrors.creativecommons.org\/presskit\/icons\/cc.svg?ref=chooser-v1><img style=\"height:22px!important;margin-left:3px;vertical-align:text-bottom;\" src=https:\/\/mirrors.creativecommons.org\/presskit\/icons\/by.svg?ref=chooser-v1><img style=\"height:22px!important;margin-left:3px;vertical-align:text-bottom;\" src=https:\/\/mirrors.creativecommons.org\/presskit\/icons\/nc.svg?ref=chooser-v1><img style=\"height:22px!important;margin-left:3px;vertical-align:text-bottom;\" src=https:\/\/mirrors.creativecommons.org\/presskit\/icons\/nd.svg?ref=chooser-v1><\/a><\/pee>[\/et_pb_fullwidth_code][\/et_pb_section]<\/p>\n","protected":false},"excerpt":{"rendered":"<p>A Nuanced Look Into Youth Journeys of Gender Transition and Detransition Detransition needs further understanding, not controversy Detransition Narratives Trouble the\u00a0Simple Attribution of\u00a0Madness in\u00a0Transantagonistic Contexts: A\u00a0Qualitative Analysis of\u00a016 Canadians\u2019 Experiences (De)Transphobia: Examining the Socio-Politically Driven Gender Minority Stressors Experienced by People Who Detransitioned Discontinuation of Gender-Affirming Medical Treatments: Prevalence and Associated Features in a Nonprobabilistic [&hellip;]<\/p>\n","protected":false},"author":13,"featured_media":0,"parent":0,"menu_order":0,"comment_status":"closed","ping_status":"closed","template":"","meta":{"_et_pb_use_builder":"on","_et_pb_old_content":"","_et_gb_content_width":"","footnotes":""},"class_list":["post-38762","page","type-page","status-publish","hentry"],"yoast_head":"<!-- This site is optimized with the Yoast SEO plugin v26.8 - https:\/\/yoast.com\/product\/yoast-seo-wordpress\/ -->\n<title>Team Articles - Detrans Support<\/title>\n<meta name=\"description\" content=\"Detransition, retransition, identity evolution, discontinuation, gender affirming care, detrans, transgender, non-binary, LGBTQ+, Kinnon MacKinnon, retrans\" \/>\n<meta name=\"robots\" content=\"index, follow, max-snippet:-1, max-image-preview:large, max-video-preview:-1\" \/>\n<link rel=\"canonical\" href=\"https:\/\/detransinfo.com\/fr\/team-articles\/\" \/>\n<meta property=\"og:locale\" content=\"fr_CA\" \/>\n<meta property=\"og:type\" content=\"article\" \/>\n<meta property=\"og:title\" content=\"Team Articles - Detrans Support\" \/>\n<meta property=\"og:description\" content=\"Detransition, retransition, identity evolution, discontinuation, gender affirming care, detrans, transgender, non-binary, LGBTQ+, Kinnon MacKinnon, retrans\" \/>\n<meta property=\"og:url\" content=\"https:\/\/detransinfo.com\/fr\/team-articles\/\" \/>\n<meta property=\"og:site_name\" content=\"Detrans Support\" \/>\n<meta property=\"article:modified_time\" content=\"2024-09-26T13:34:13+00:00\" \/>\n<meta property=\"og:image\" content=\"https:\/\/detransinfo.com\/wp-content\/uploads\/2023\/09\/DetransSupportStraightEdge.png\" \/>\n\t<meta property=\"og:image:width\" content=\"130\" \/>\n\t<meta property=\"og:image:height\" content=\"84\" \/>\n\t<meta property=\"og:image:type\" content=\"image\/png\" \/>\n<meta name=\"twitter:card\" content=\"summary_large_image\" \/>\n<script type=\"application\/ld+json\" class=\"yoast-schema-graph\">{\"@context\":\"https:\/\/schema.org\",\"@graph\":[{\"@type\":\"WebPage\",\"@id\":\"https:\/\/detransinfo.com\/team-articles\/\",\"url\":\"https:\/\/detransinfo.com\/team-articles\/\",\"name\":\"Team Articles - Detrans Support\",\"isPartOf\":{\"@id\":\"https:\/\/detransinfo.com\/#website\"},\"datePublished\":\"2023-09-12T01:24:27+00:00\",\"dateModified\":\"2024-09-26T13:34:13+00:00\",\"description\":\"Detransition, retransition, identity evolution, discontinuation, gender affirming care, detrans, transgender, non-binary, LGBTQ+, Kinnon MacKinnon, retrans\",\"breadcrumb\":{\"@id\":\"https:\/\/detransinfo.com\/team-articles\/#breadcrumb\"},\"inLanguage\":\"fr-CA\",\"potentialAction\":[{\"@type\":\"ReadAction\",\"target\":[\"https:\/\/detransinfo.com\/team-articles\/\"]}]},{\"@type\":\"BreadcrumbList\",\"@id\":\"https:\/\/detransinfo.com\/team-articles\/#breadcrumb\",\"itemListElement\":[{\"@type\":\"ListItem\",\"position\":1,\"name\":\"Home\",\"item\":\"https:\/\/detransinfo.com\/\"},{\"@type\":\"ListItem\",\"position\":2,\"name\":\"Team Articles\"}]},{\"@type\":\"WebSite\",\"@id\":\"https:\/\/detransinfo.com\/#website\",\"url\":\"https:\/\/detransinfo.com\/\",\"name\":\"Detrans Support\",\"description\":\"Detransition, retransition, identity evolution, discontinuation, gender affirming care, detrans, transgender, non-binary, LGBTQ+, Kinnon MacKinnon\",\"alternateName\":\"Detrans Info\",\"potentialAction\":[{\"@type\":\"SearchAction\",\"target\":{\"@type\":\"EntryPoint\",\"urlTemplate\":\"https:\/\/detransinfo.com\/?s={search_term_string}\"},\"query-input\":{\"@type\":\"PropertyValueSpecification\",\"valueRequired\":true,\"valueName\":\"search_term_string\"}}],\"inLanguage\":\"fr-CA\"}]}<\/script>\n<!-- \/ Yoast SEO plugin. -->","yoast_head_json":{"title":"Team Articles - Detrans Support","description":"Detransition, retransition, identity evolution, discontinuation, gender affirming care, detrans, transgender, non-binary, LGBTQ+, Kinnon MacKinnon, retrans","robots":{"index":"index","follow":"follow","max-snippet":"max-snippet:-1","max-image-preview":"max-image-preview:large","max-video-preview":"max-video-preview:-1"},"canonical":"https:\/\/detransinfo.com\/fr\/team-articles\/","og_locale":"fr_CA","og_type":"article","og_title":"Team Articles - Detrans Support","og_description":"Detransition, retransition, identity evolution, discontinuation, gender affirming care, detrans, transgender, non-binary, LGBTQ+, Kinnon MacKinnon, retrans","og_url":"https:\/\/detransinfo.com\/fr\/team-articles\/","og_site_name":"Detrans Support","article_modified_time":"2024-09-26T13:34:13+00:00","og_image":[{"width":130,"height":84,"url":"https:\/\/detransinfo.com\/wp-content\/uploads\/2023\/09\/DetransSupportStraightEdge.png","type":"image\/png"}],"twitter_card":"summary_large_image","schema":{"@context":"https:\/\/schema.org","@graph":[{"@type":"WebPage","@id":"https:\/\/detransinfo.com\/team-articles\/","url":"https:\/\/detransinfo.com\/team-articles\/","name":"Team Articles - Detrans Support","isPartOf":{"@id":"https:\/\/detransinfo.com\/#website"},"datePublished":"2023-09-12T01:24:27+00:00","dateModified":"2024-09-26T13:34:13+00:00","description":"Detransition, retransition, identity evolution, discontinuation, gender affirming care, detrans, transgender, non-binary, LGBTQ+, Kinnon MacKinnon, retrans","breadcrumb":{"@id":"https:\/\/detransinfo.com\/team-articles\/#breadcrumb"},"inLanguage":"fr-CA","potentialAction":[{"@type":"ReadAction","target":["https:\/\/detransinfo.com\/team-articles\/"]}]},{"@type":"BreadcrumbList","@id":"https:\/\/detransinfo.com\/team-articles\/#breadcrumb","itemListElement":[{"@type":"ListItem","position":1,"name":"Home","item":"https:\/\/detransinfo.com\/"},{"@type":"ListItem","position":2,"name":"Team Articles"}]},{"@type":"WebSite","@id":"https:\/\/detransinfo.com\/#website","url":"https:\/\/detransinfo.com\/","name":"D\u00e9trans Info","description":"Detransition, retransition, identity evolution, discontinuation, gender affirming care, detrans, transgender, non-binary, LGBTQ+, Kinnon MacKinnon","alternateName":"Detrans Info","potentialAction":[{"@type":"SearchAction","target":{"@type":"EntryPoint","urlTemplate":"https:\/\/detransinfo.com\/?s={search_term_string}"},"query-input":{"@type":"PropertyValueSpecification","valueRequired":true,"valueName":"search_term_string"}}],"inLanguage":"fr-CA"}]}},"_links":{"self":[{"href":"https:\/\/detransinfo.com\/fr\/wp-json\/wp\/v2\/pages\/38762","targetHints":{"allow":["GET"]}}],"collection":[{"href":"https:\/\/detransinfo.com\/fr\/wp-json\/wp\/v2\/pages"}],"about":[{"href":"https:\/\/detransinfo.com\/fr\/wp-json\/wp\/v2\/types\/page"}],"author":[{"embeddable":true,"href":"https:\/\/detransinfo.com\/fr\/wp-json\/wp\/v2\/users\/13"}],"replies":[{"embeddable":true,"href":"https:\/\/detransinfo.com\/fr\/wp-json\/wp\/v2\/comments?post=38762"}],"version-history":[{"count":14,"href":"https:\/\/detransinfo.com\/fr\/wp-json\/wp\/v2\/pages\/38762\/revisions"}],"predecessor-version":[{"id":39175,"href":"https:\/\/detransinfo.com\/fr\/wp-json\/wp\/v2\/pages\/38762\/revisions\/39175"}],"wp:attachment":[{"href":"https:\/\/detransinfo.com\/fr\/wp-json\/wp\/v2\/media?parent=38762"}],"curies":[{"name":"wp","href":"https:\/\/api.w.org\/{rel}","templated":true}]}}