{"id":38664,"date":"2023-08-31T12:58:45","date_gmt":"2023-08-31T20:58:45","guid":{"rendered":"https:\/\/detransinfo.com\/?page_id=38664"},"modified":"2023-10-08T08:18:24","modified_gmt":"2023-10-08T16:18:24","slug":"glossary","status":"publish","type":"page","link":"https:\/\/detransinfo.com\/fr\/glossary\/","title":{"rendered":"Glossaire"},"content":{"rendered":"<p>[et_pb_section fb_built=&#8221;1&#8243; _builder_version=&#8221;4.22.1&#8243; _module_preset=&#8221;default&#8221;][et_pb_row _builder_version=&#8221;4.22.1&#8243; _module_preset=&#8221;default&#8221;][et_pb_column type=&#8221;4_4&#8243; _builder_version=&#8221;4.22.1&#8243; _module_preset=&#8221;default&#8221;][et_pb_post_title meta=&#8221;off&#8221; featured_image=&#8221;off&#8221; _builder_version=&#8221;4.5.7&#8243; _module_preset=&#8221;default&#8221; title_text_align=&#8221;center&#8221;][\/et_pb_post_title][\/et_pb_column][\/et_pb_row][\/et_pb_section][et_pb_section fb_built=&#8221;1&#8243; _builder_version=&#8221;4.22.1&#8243; _module_preset=&#8221;default&#8221;][et_pb_row column_structure=&#8221;1_2,1_2&#8243; _builder_version=&#8221;4.22.1&#8243; _module_preset=&#8221;default&#8221;][et_pb_column type=&#8221;1_2&#8243; _builder_version=&#8221;4.22.1&#8243; _module_preset=&#8221;default&#8221; custom_padding=&#8221;|20px|||false|false&#8221;][et_pb_text _builder_version=&#8221;4.5.7&#8243; _module_preset=&#8221;default&#8221; text_font=&#8221;bold||||||||&#8221; text_text_color=&#8221;#0f6882&#8243; min_height=&#8221;32.4px&#8221; custom_margin=&#8221;||20px||false|false&#8221; custom_padding=&#8221;||0px|||&#8221;]<\/p>\n<p>Gender-fluid<\/p>\n<p>[\/et_pb_text][et_pb_text _builder_version=&#8221;4.22.1&#8243; _module_preset=&#8221;default&#8221; custom_margin=&#8221;||20px||false|false&#8221;]This terms generally describes a gender identity which isn\u2019t fixed and can change through time. For example, a gender-fluid person could fluctuate between moments or eras where they feel more masculine, or more feminine, or maybe sometimes identify with other identities. [\/et_pb_text][et_pb_text _builder_version=&#8221;4.5.7&#8243; _module_preset=&#8221;default&#8221; text_font=&#8221;bold||||||||&#8221; text_text_color=&#8221;#0f6882&#8243; min_height=&#8221;32.4px&#8221; custom_margin=&#8221;||20px||false|false&#8221; custom_padding=&#8221;||0px|||&#8221;]<\/p>\n<p><span>Desistance<\/span><\/p>\n<p>[\/et_pb_text][et_pb_text _builder_version=&#8221;4.5.7&#8243; _module_preset=&#8221;default&#8221; custom_margin=&#8221;||20px||false|false&#8221;]<\/p>\n<p>This term is employed when someone no longer identifies as transgender or doesn\u2019t feel gender dysphoria anymore, usually without having initiated any gender-affirming treatment. This term derived from criminology was first used in the context of clinical studies with pre-adolescents who were brought to clinic because they were either gender non-conforming or meeting criteria for gender dysphoria before it faded during puberty. Some people in the detrans community label themselves as desisters often because they didn\u2019t medically transition but some do still identify as gender diverse or gender non-conforming.<\/p>\n<p>[\/et_pb_text][et_pb_text _builder_version=&#8221;4.5.7&#8243; _module_preset=&#8221;default&#8221; text_font=&#8221;bold||||||||&#8221; text_text_color=&#8221;#0f6882&#8243; min_height=&#8221;32.4px&#8221; custom_margin=&#8221;||20px||false|false&#8221; custom_padding=&#8221;||0px|||&#8221;]<\/p>\n<p><span>Detrans<\/span><\/p>\n<p>[\/et_pb_text][et_pb_text _builder_version=&#8221;4.22.1&#8243; _module_preset=&#8221;default&#8221; custom_margin=&#8221;||20px||false|false&#8221;]<\/p>\n<p>An umbrella term used by some individuals who have discontinued their transition. The term &#8220;detrans&#8221; is rarely seen as an identity in itself, but is mostly used to describe a physical and social process. Some people use detrans alongside other identity markers such as detrans woman, detrans lesbian, detrans male, detrans non-binary. All of these labels are self-applied and should not be used to designate someone without their approval or unless they use it themselves.<\/p>\n<p>[\/et_pb_text][et_pb_text _builder_version=&#8221;4.5.7&#8243; _module_preset=&#8221;default&#8221; text_font=&#8221;bold||||||||&#8221; text_text_color=&#8221;#0f6882&#8243; min_height=&#8221;32.4px&#8221; custom_margin=&#8221;||20px||false|false&#8221; custom_padding=&#8221;||0px|||&#8221;]<\/p>\n<p><b>Detransitioning<\/b><\/p>\n<p>[\/et_pb_text][et_pb_text _builder_version=&#8221;4.22.1&#8243; _module_preset=&#8221;default&#8221; custom_margin=&#8221;||20px||false|false&#8221;]<\/p>\n<p>The process of discontinuing or reversing a gender transition, often because the person had a shift in the way they identify or conceptualise their sex, gender, or sexuality since they started their transition. For example, someone<span class=\"Apple-converted-space\">\u00a0 <\/span>started a masculinizing hormone therapy and planned to have a top-surgery\/mastectomy. After several years, they realizee they don\u2019t feel comfortable as a man, and start identifing as a non-binary butch lesbian. They decide to stop taking testosterone and are unsure about surgery.<\/p>\n<p>[\/et_pb_text][et_pb_text _builder_version=&#8221;4.5.7&#8243; _module_preset=&#8221;default&#8221; text_font=&#8221;bold||||||||&#8221; text_text_color=&#8221;#0f6882&#8243; min_height=&#8221;32.4px&#8221; custom_margin=&#8221;||20px||false|false&#8221; custom_padding=&#8221;||0px|||&#8221;]<\/p>\n<p><b>Re-identifying<\/b><\/p>\n<p>[\/et_pb_text][et_pb_text _builder_version=&#8221;4.22.1&#8243; _module_preset=&#8221;default&#8221; custom_margin=&#8221;||20px||false|false&#8221;]<\/p>\n<p>Re-identifying is a term used to describe a change in how an individual perceives their sex, gender, or sexuality, often involving a shift from one identity to another. This can happen when someone, after affirming a transgender identity and undergoing a gender transition, goes on to re-identify as lesbian, gay, bisexual, heterosexual, or a different gender identity than held previously. Such changes in identity can occur as people explore, gain life experiences, and better understand themselves.<\/p>\n<p>[\/et_pb_text][\/et_pb_column][et_pb_column type=&#8221;1_2&#8243; _builder_version=&#8221;4.22.1&#8243; _module_preset=&#8221;default&#8221;][et_pb_text _builder_version=&#8221;4.5.7&#8243; _module_preset=&#8221;default&#8221; text_font=&#8221;bold||||||||&#8221; text_text_color=&#8221;#0f6882&#8243; min_height=&#8221;32.4px&#8221; custom_margin=&#8221;||20px||false|false&#8221; custom_padding=&#8221;||0px|||&#8221;]<\/p>\n<p>Retransition<\/p>\n<p>[\/et_pb_text][et_pb_text _builder_version=&#8221;4.22.1&#8243; _module_preset=&#8221;default&#8221; custom_margin=&#8221;||20px||false|false&#8221;]The process of resuming a gender transition after previously detransitioning. For some detransitioners, this term may imply using hormone therapy for medical purposes, without necessarily re-identifying as transgender. For others, it may signify re-identifying themselves differently from their initial gender transition, such as transitioning from a binary transgender identity to a nonbinary one. Some individuals choose to use the term retransition to describe their experience of detransitioning, in response to the stigmatization and politicization associated with the word detransition.[\/et_pb_text][et_pb_text _builder_version=&#8221;4.5.7&#8243; _module_preset=&#8221;default&#8221; text_font=&#8221;bold||||||||&#8221; text_text_color=&#8221;#0f6882&#8243; min_height=&#8221;32.4px&#8221; custom_margin=&#8221;||20px||false|false&#8221; custom_padding=&#8221;||0px|||&#8221;]<\/p>\n<p>Non-binary<\/p>\n<p>[\/et_pb_text][et_pb_text _builder_version=&#8221;4.5.7&#8243; _module_preset=&#8221;default&#8221; custom_margin=&#8221;||20px||false|false&#8221;]An umbrella term employed to designate one\u2019s identity that goes beyond the gender binary. A non-binary person could situate their identity anywhere on the gender spectrum. For example, non-binary people could describe their identity as a mix of masculine and feminine, or neither, or something different. Non-binary identities can take an infinite number of forms and gender expressions.[\/et_pb_text][et_pb_text _builder_version=&#8221;4.5.7&#8243; _module_preset=&#8221;default&#8221; text_font=&#8221;bold||||||||&#8221; text_text_color=&#8221;#0f6882&#8243; min_height=&#8221;32.4px&#8221; custom_margin=&#8221;||20px||false|false&#8221; custom_padding=&#8221;||0px|||&#8221;]<\/p>\n<p class=\"p1\"><strong>Questioning<\/strong><\/p>\n<p>[\/et_pb_text][et_pb_text _builder_version=&#8221;4.5.7&#8243; _module_preset=&#8221;default&#8221; custom_margin=&#8221;||20px||false|false&#8221;]<\/p>\n<p class=\"p1\">Questioning refers to the process of reflecting on and re-evaluating one&#8217;s gender identity. This introspection can take place not only before embarking on a gender transition but also after undergoing social, legal, and\/or medical\/surgical changes related to transition. Before detransitioning, individuals may experience feelings of regret about their decision to transition and may start questioning.<\/p>\n<p>[\/et_pb_text][et_pb_text _builder_version=&#8221;4.5.7&#8243; _module_preset=&#8221;default&#8221; text_font=&#8221;bold||||||||&#8221; text_text_color=&#8221;#0f6882&#8243; min_height=&#8221;32.4px&#8221; custom_margin=&#8221;||20px||false|false&#8221; custom_padding=&#8221;||0px|||&#8221;]<\/p>\n<p><b>Transgender<\/b><\/p>\n<p>[\/et_pb_text][et_pb_text _builder_version=&#8221;4.5.7&#8243; _module_preset=&#8221;default&#8221; custom_margin=&#8221;||20px||false|false&#8221;]<\/p>\n<p>An all-encompassing term that includes individuals whose gender identity differs from the one assigned to them at birth. Within the transgender community, people may identify with a binary gender, such as a trans woman or a trans man, or embrace identities between and beyond the gender binary, such as nonbinary, genderfluid, or genderqueer. Unfortunately, some transgender individuals are forced to choose to detransition in response to stigma, societal pressures, or discrimination they face, particularly within their families or in employment settings.<\/p>\n<p>[\/et_pb_text][\/et_pb_column][\/et_pb_row][\/et_pb_section][et_pb_section fb_built=&#8221;1&#8243; fullwidth=&#8221;on&#8221; _builder_version=&#8221;4.5.7&#8243; _module_preset=&#8221;default&#8221; background_color=&#8221;#21204b&#8221; saved_tabs=&#8221;all&#8221; global_module=&#8221;39042&#8243;][et_pb_fullwidth_code _builder_version=&#8221;4.5.7&#8243; _module_preset=&#8221;default&#8221; background_color=&#8221;rgba(0,0,0,0)&#8221; text_orientation=&#8221;center&#8221; custom_margin=&#8221;|15px||15px|true|true&#8221; custom_padding=&#8221;15px||15px||true|false&#8221;]<pee  xmlns:cc=http:\/\/creativecommons.org\/ns# xmlns:dct='http:\/\/purl.org\/dc\/terms\/' style=\"color:white;font-size:14px;\"><a property=\"dct:title\" rel=\"cc:attributionURL\" href=https:\/\/detransinfo.com\/  style=\"color:white\">Detrans Support<\/a> by <span property=\"cc:attributionName\">Kinnon R. MacKinnon, Annie Pullen Sansfa\u00e7on, Hannah Kia, June H.S. Lam, Lori E. Ross, M\u00e9lanie Millette, Florence A. Par\u00e9, Wren A. Gould, Olivier Turbide, Morgane Gelly<\/span> is licensed under <a href='http:\/\/creativecommons.org\/licenses\/by-nc-nd\/4.0\/?' style=\"color:white\" ref=\"chooser-v1\" target=\"_blank\" rel=\"license noopener noreferrer\">CC BY-NC-ND 4.0<img style=\"height:22px!important;margin-left:3px;vertical-align:text-bottom;\" src=https:\/\/mirrors.creativecommons.org\/presskit\/icons\/cc.svg?ref=chooser-v1><img style=\"height:22px!important;margin-left:3px;vertical-align:text-bottom;\" src=https:\/\/mirrors.creativecommons.org\/presskit\/icons\/by.svg?ref=chooser-v1><img style=\"height:22px!important;margin-left:3px;vertical-align:text-bottom;\" src=https:\/\/mirrors.creativecommons.org\/presskit\/icons\/nc.svg?ref=chooser-v1><img style=\"height:22px!important;margin-left:3px;vertical-align:text-bottom;\" src=https:\/\/mirrors.creativecommons.org\/presskit\/icons\/nd.svg?ref=chooser-v1><\/a><\/pee>[\/et_pb_fullwidth_code][\/et_pb_section]<\/p>\n","protected":false},"excerpt":{"rendered":"<p>Gender-fluidThis terms generally describes a gender identity which isn\u2019t fixed and can change through time. For example, a gender-fluid person could fluctuate between moments or eras where they feel more masculine, or more feminine, or maybe sometimes identify with other identities. DesistanceThis term is employed when someone no longer identifies as transgender or doesn\u2019t feel [&hellip;]<\/p>\n","protected":false},"author":13,"featured_media":0,"parent":0,"menu_order":0,"comment_status":"closed","ping_status":"closed","template":"","meta":{"_et_pb_use_builder":"on","_et_pb_old_content":"","_et_gb_content_width":"","footnotes":""},"class_list":["post-38664","page","type-page","status-publish","hentry"],"yoast_head":"<!-- This site is optimized with the Yoast SEO plugin v26.8 - https:\/\/yoast.com\/product\/yoast-seo-wordpress\/ -->\n<title>Glossary - Detrans Support<\/title>\n<meta name=\"description\" content=\"Detransition, retransition, identity evolution, discontinuation, gender affirming care, detrans, transgender, non-binary, LGBTQ+, Kinnon MacKinnon, retrans\" \/>\n<meta name=\"robots\" content=\"index, follow, max-snippet:-1, max-image-preview:large, max-video-preview:-1\" \/>\n<link rel=\"canonical\" href=\"https:\/\/detransinfo.com\/fr\/glossary\/\" \/>\n<meta property=\"og:locale\" content=\"fr_CA\" \/>\n<meta property=\"og:type\" content=\"article\" \/>\n<meta property=\"og:title\" content=\"Glossary - Detrans Support\" \/>\n<meta property=\"og:description\" content=\"Detransition, retransition, identity evolution, discontinuation, gender affirming care, detrans, transgender, non-binary, LGBTQ+, Kinnon MacKinnon, retrans\" \/>\n<meta property=\"og:url\" content=\"https:\/\/detransinfo.com\/fr\/glossary\/\" \/>\n<meta property=\"og:site_name\" content=\"Detrans Support\" \/>\n<meta property=\"article:modified_time\" content=\"2023-10-08T16:18:24+00:00\" \/>\n<meta property=\"og:image\" content=\"https:\/\/detransinfo.com\/wp-content\/uploads\/2023\/09\/DetransSupportStraightEdge.png\" \/>\n\t<meta property=\"og:image:width\" content=\"130\" \/>\n\t<meta property=\"og:image:height\" content=\"84\" \/>\n\t<meta property=\"og:image:type\" content=\"image\/png\" \/>\n<meta name=\"twitter:card\" content=\"summary_large_image\" \/>\n<script type=\"application\/ld+json\" class=\"yoast-schema-graph\">{\"@context\":\"https:\/\/schema.org\",\"@graph\":[{\"@type\":\"WebPage\",\"@id\":\"https:\/\/detransinfo.com\/glossary\/\",\"url\":\"https:\/\/detransinfo.com\/glossary\/\",\"name\":\"Glossary - Detrans Support\",\"isPartOf\":{\"@id\":\"https:\/\/detransinfo.com\/#website\"},\"datePublished\":\"2023-08-31T20:58:45+00:00\",\"dateModified\":\"2023-10-08T16:18:24+00:00\",\"description\":\"Detransition, retransition, identity evolution, discontinuation, gender affirming care, detrans, transgender, non-binary, LGBTQ+, Kinnon MacKinnon, retrans\",\"breadcrumb\":{\"@id\":\"https:\/\/detransinfo.com\/glossary\/#breadcrumb\"},\"inLanguage\":\"fr-CA\",\"potentialAction\":[{\"@type\":\"ReadAction\",\"target\":[\"https:\/\/detransinfo.com\/glossary\/\"]}]},{\"@type\":\"BreadcrumbList\",\"@id\":\"https:\/\/detransinfo.com\/glossary\/#breadcrumb\",\"itemListElement\":[{\"@type\":\"ListItem\",\"position\":1,\"name\":\"Home\",\"item\":\"https:\/\/detransinfo.com\/\"},{\"@type\":\"ListItem\",\"position\":2,\"name\":\"Glossary\"}]},{\"@type\":\"WebSite\",\"@id\":\"https:\/\/detransinfo.com\/#website\",\"url\":\"https:\/\/detransinfo.com\/\",\"name\":\"Detrans Support\",\"description\":\"Detransition, retransition, identity evolution, discontinuation, gender affirming care, detrans, transgender, non-binary, LGBTQ+, Kinnon MacKinnon\",\"alternateName\":\"Detrans Info\",\"potentialAction\":[{\"@type\":\"SearchAction\",\"target\":{\"@type\":\"EntryPoint\",\"urlTemplate\":\"https:\/\/detransinfo.com\/?s={search_term_string}\"},\"query-input\":{\"@type\":\"PropertyValueSpecification\",\"valueRequired\":true,\"valueName\":\"search_term_string\"}}],\"inLanguage\":\"fr-CA\"}]}<\/script>\n<!-- \/ Yoast SEO plugin. -->","yoast_head_json":{"title":"Glossary - Detrans Support","description":"Detransition, retransition, identity evolution, discontinuation, gender affirming care, detrans, transgender, non-binary, LGBTQ+, Kinnon MacKinnon, retrans","robots":{"index":"index","follow":"follow","max-snippet":"max-snippet:-1","max-image-preview":"max-image-preview:large","max-video-preview":"max-video-preview:-1"},"canonical":"https:\/\/detransinfo.com\/fr\/glossary\/","og_locale":"fr_CA","og_type":"article","og_title":"Glossary - Detrans Support","og_description":"Detransition, retransition, identity evolution, discontinuation, gender affirming care, detrans, transgender, non-binary, LGBTQ+, Kinnon MacKinnon, retrans","og_url":"https:\/\/detransinfo.com\/fr\/glossary\/","og_site_name":"Detrans Support","article_modified_time":"2023-10-08T16:18:24+00:00","og_image":[{"width":130,"height":84,"url":"https:\/\/detransinfo.com\/wp-content\/uploads\/2023\/09\/DetransSupportStraightEdge.png","type":"image\/png"}],"twitter_card":"summary_large_image","schema":{"@context":"https:\/\/schema.org","@graph":[{"@type":"WebPage","@id":"https:\/\/detransinfo.com\/glossary\/","url":"https:\/\/detransinfo.com\/glossary\/","name":"Glossary - Detrans Support","isPartOf":{"@id":"https:\/\/detransinfo.com\/#website"},"datePublished":"2023-08-31T20:58:45+00:00","dateModified":"2023-10-08T16:18:24+00:00","description":"Detransition, retransition, identity evolution, discontinuation, gender affirming care, detrans, transgender, non-binary, LGBTQ+, Kinnon MacKinnon, retrans","breadcrumb":{"@id":"https:\/\/detransinfo.com\/glossary\/#breadcrumb"},"inLanguage":"fr-CA","potentialAction":[{"@type":"ReadAction","target":["https:\/\/detransinfo.com\/glossary\/"]}]},{"@type":"BreadcrumbList","@id":"https:\/\/detransinfo.com\/glossary\/#breadcrumb","itemListElement":[{"@type":"ListItem","position":1,"name":"Home","item":"https:\/\/detransinfo.com\/"},{"@type":"ListItem","position":2,"name":"Glossary"}]},{"@type":"WebSite","@id":"https:\/\/detransinfo.com\/#website","url":"https:\/\/detransinfo.com\/","name":"D\u00e9trans Info","description":"Detransition, retransition, identity evolution, discontinuation, gender affirming care, detrans, transgender, non-binary, LGBTQ+, Kinnon MacKinnon","alternateName":"Detrans Info","potentialAction":[{"@type":"SearchAction","target":{"@type":"EntryPoint","urlTemplate":"https:\/\/detransinfo.com\/?s={search_term_string}"},"query-input":{"@type":"PropertyValueSpecification","valueRequired":true,"valueName":"search_term_string"}}],"inLanguage":"fr-CA"}]}},"_links":{"self":[{"href":"https:\/\/detransinfo.com\/fr\/wp-json\/wp\/v2\/pages\/38664","targetHints":{"allow":["GET"]}}],"collection":[{"href":"https:\/\/detransinfo.com\/fr\/wp-json\/wp\/v2\/pages"}],"about":[{"href":"https:\/\/detransinfo.com\/fr\/wp-json\/wp\/v2\/types\/page"}],"author":[{"embeddable":true,"href":"https:\/\/detransinfo.com\/fr\/wp-json\/wp\/v2\/users\/13"}],"replies":[{"embeddable":true,"href":"https:\/\/detransinfo.com\/fr\/wp-json\/wp\/v2\/comments?post=38664"}],"version-history":[{"count":11,"href":"https:\/\/detransinfo.com\/fr\/wp-json\/wp\/v2\/pages\/38664\/revisions"}],"predecessor-version":[{"id":39061,"href":"https:\/\/detransinfo.com\/fr\/wp-json\/wp\/v2\/pages\/38664\/revisions\/39061"}],"wp:attachment":[{"href":"https:\/\/detransinfo.com\/fr\/wp-json\/wp\/v2\/media?parent=38664"}],"curies":[{"name":"wp","href":"https:\/\/api.w.org\/{rel}","templated":true}]}}