{"id":38492,"date":"2022-01-27T10:36:21","date_gmt":"2022-01-27T18:36:21","guid":{"rendered":"https:\/\/detransinfo.com\/?page_id=38492"},"modified":"2024-04-16T06:29:23","modified_gmt":"2024-04-16T14:29:23","slug":"4tr-homepage","status":"publish","type":"page","link":"https:\/\/detransinfo.com\/fr\/","title":{"rendered":"Page d\u2019accueil"},"content":{"rendered":"<p>[et_pb_section fb_built=&#8221;1&#8243; fullwidth=&#8221;on&#8221; _builder_version=&#8221;4.16&#8243; _module_preset=&#8221;default&#8221; background_image=&#8221;https:\/\/detransinfo.com\/wp-content\/uploads\/2023\/09\/HeaderBackground-1.png&#8221; background_size=&#8221;contain&#8221; background_last_edited=&#8221;on|tablet&#8221; background_image_tablet=&#8221;https:\/\/detransinfo.com\/wp-content\/uploads\/2023\/09\/HeaderBackgroundTablet.png&#8221; background_image_phone=&#8221;https:\/\/detransinfo.com\/wp-content\/uploads\/2023\/09\/HeaderBackgroundMobile.png&#8221; background_enable_image_tablet=&#8221;on&#8221; background_enable_image_phone=&#8221;on&#8221; global_colors_info=&#8221;{}&#8221; title_text_tablet=&#8221;HeaderBackgroundTablet&#8221; title_text_phone=&#8221;HeaderBackgroundMobile&#8221;][et_pb_fullwidth_image title_text=&#8221;HeaderBackground&#8221; _builder_version=&#8221;4.16&#8243; _module_preset=&#8221;default&#8221; background_image=&#8221;https:\/\/detransinfo.com\/wp-content\/uploads\/2023\/09\/HeaderBackground-1.png&#8221; global_colors_info=&#8221;{}&#8221;][\/et_pb_fullwidth_image][et_pb_fullwidth_header title=&#8221;Detrans Support&#8221; subhead=&#8221;We aim to provide up-to-date, data-driven information about detransition \/ retransition.&#8221; content_max_width=&#8221;40%&#8221; _builder_version=&#8221;4.23&#8243; _module_preset=&#8221;default&#8221; title_font_size=&#8221;80px&#8221; subhead_font_size=&#8221;36px&#8221; title_font_size_tablet=&#8221;50px&#8221; title_font_size_phone=&#8221;35px&#8221; title_font_size_last_edited=&#8221;on|tablet&#8221; subhead_font_size_tablet=&#8221;22px&#8221; subhead_font_size_phone=&#8221;12px&#8221; subhead_font_size_last_edited=&#8221;on|tablet&#8221; custom_css_title=&#8221;margin-bottom:60px&#8221; global_colors_info=&#8221;{}&#8221; custom_css_title_last_edited=&#8221;on|tablet&#8221; custom_css_title_tablet=&#8221;margin-bottom:30px&#8221; custom_css_title_phone=&#8221;margin-bottom:30px&#8221;][\/et_pb_fullwidth_header][\/et_pb_section][et_pb_section fb_built=&#8221;1&#8243; _builder_version=&#8221;4.16&#8243; _module_preset=&#8221;default&#8221; background_color=&#8221;#21204b&#8221; global_colors_info=&#8221;{}&#8221;][et_pb_row column_structure=&#8221;3_5,2_5&#8243; _builder_version=&#8221;4.16&#8243; _module_preset=&#8221;default&#8221; custom_padding=&#8221;130px||130px||true|&#8221; global_colors_info=&#8221;{}&#8221;][et_pb_column type=&#8221;3_5&#8243; _builder_version=&#8221;4.16&#8243; _module_preset=&#8221;default&#8221; global_colors_info=&#8221;{}&#8221;][et_pb_text _builder_version=&#8221;4.23&#8243; _module_preset=&#8221;default&#8221; text_text_color=&#8221;#ffffff&#8221; header_2_text_color=&#8221;#ffffff&#8221; custom_padding=&#8221;||45px|||&#8221; custom_padding_tablet=&#8221;||30px||false|false&#8221; custom_padding_phone=&#8221;||30px||false|false&#8221; custom_padding_last_edited=&#8221;on|tablet&#8221; header_2_font_size_tablet=&#8221;&#8221; header_2_font_size_phone=&#8221;&#8221; header_2_font_size_last_edited=&#8221;on|desktop&#8221; global_colors_info=&#8221;{}&#8221;]<\/p>\n<h2 class=\"p1\"><b>Purpose of Our Resource<\/b><\/h2>\n<p>[\/et_pb_text][et_pb_text _builder_version=&#8221;4.16&#8243; _module_preset=&#8221;default&#8221; text_text_color=&#8221;#ffffff&#8221; header_2_text_color=&#8221;#ffffff&#8221; global_colors_info=&#8221;{}&#8221;]<span style=\"font-weight: 400;\">Welcome to Detrans Support! This resource aims to provide up-to-date, data-driven information about detransition\/retransition. This information was designed to educate the general public, support people who are detransitioning, and to provide a resource for care providers, family, and loved ones of those who are detransitioning. Information provided on this website was developed through on-going consultation with detrans, transgender, and nonbinary people, their care providers, and by compiling the results from two research studies\u2014The <\/span><i><span style=\"font-weight: 400;\">Detrans Discourses<\/span><\/i><span style=\"font-weight: 400;\"> study and <\/span><i><span style=\"font-weight: 400;\">The Re\/DeTrans Canada<\/span><\/i><span style=\"font-weight: 400;\"> study. Both of these studies were funded by the Social Sciences and Humanities Research Council and were designed to qualitatively explore experiences of detransition\/retransition.<\/span><\/p>\n<p><span style=\"font-weight: 400;\">We recognize that these studies were exploratory and have limitations. For example, the recruitment was community and social-media based, which may not be representative of the full population. Therefore the results may not reflect the experiences and perspectives of all transgender, gender-diverse, and detransitioned people. In the development of this resource, we have aimed to be sensitive and inclusive of a diverse range of experiences, and consulted with many different stakeholders. However the website mirrors the evolving nature of knowledge about detransition, and it may not capture every individual experience or perspective. It will be updated as we conduct more research and continue to learn.<\/span><\/p>\n<p><span style=\"font-weight: 400;\">To learn more about our team, check out the <a href=\"\/about\/\"><span style=\"color: #ffffff;\">about<\/span><\/a> page.<\/span>[\/et_pb_text][\/et_pb_column][et_pb_column type=&#8221;2_5&#8243; _builder_version=&#8221;4.16&#8243; _module_preset=&#8221;default&#8221; global_colors_info=&#8221;{}&#8221;][et_pb_image src=&#8221;https:\/\/detransinfo.com\/wp-content\/uploads\/2023\/09\/A-trans-couple-embracing-outside-at-dusk2-2.jpg&#8221; title_text=&#8221;A trans couple embracing outside at dusk(2)&#8221; _builder_version=&#8221;4.23&#8243; _module_preset=&#8221;default&#8221; width_tablet=&#8221;40%&#8221; width_phone=&#8221;66%&#8221; width_last_edited=&#8221;on|desktop&#8221; max_width=&#8221;58%&#8221; module_alignment=&#8221;center&#8221; custom_margin_tablet=&#8221;30px||||false|false&#8221; custom_margin_phone=&#8221;&#8221; custom_margin_last_edited=&#8221;on|tablet&#8221; border_radii=&#8221;on|5px|5px|5px|5px&#8221; border_width_all=&#8221;3px&#8221; border_color_all=&#8221;#7BC1CD&#8221; border_radii_tablet=&#8221;&#8221; border_radii_phone=&#8221;on|6px|6px|6px|6px&#8221; border_radii_last_edited=&#8221;on|desktop&#8221; global_colors_info=&#8221;{}&#8221;][\/et_pb_image][\/et_pb_column][\/et_pb_row][\/et_pb_section][et_pb_section fb_built=&#8221;1&#8243; _builder_version=&#8221;4.16&#8243; _module_preset=&#8221;default&#8221; background_enable_color=&#8221;off&#8221; global_colors_info=&#8221;{}&#8221;][et_pb_row _builder_version=&#8221;4.16&#8243; _module_preset=&#8221;default&#8221; custom_padding=&#8221;130px||130px||true|&#8221; global_colors_info=&#8221;{}&#8221;][et_pb_column type=&#8221;4_4&#8243; _builder_version=&#8221;4.16&#8243; _module_preset=&#8221;default&#8221; global_colors_info=&#8221;{}&#8221;][et_pb_text _builder_version=&#8221;4.23&#8243; _module_preset=&#8221;default&#8221; header_2_text_color=&#8221;#0f6882&#8243; header_2_font_size=&#8221;32px&#8221; header_3_text_color=&#8221;#ffffff&#8221; width=&#8221;68%&#8221; module_alignment=&#8221;center&#8221; custom_margin=&#8221;||38px|||&#8221; custom_margin_tablet=&#8221;||38px|||&#8221; custom_margin_phone=&#8221;||20px||false|false&#8221; custom_margin_last_edited=&#8221;on|phone&#8221; header_font_size_tablet=&#8221;&#8221; header_font_size_phone=&#8221;30px&#8221; header_font_size_last_edited=&#8221;on|phone&#8221; header_2_font_size_tablet=&#8221;32px&#8221; header_2_font_size_phone=&#8221;26px&#8221; header_2_font_size_last_edited=&#8221;on|phone&#8221; global_colors_info=&#8221;{}&#8221;]<\/p>\n<h2 class=\"p1\" style=\"text-align: center;\"><b>What is Detransition?<\/b><\/h2>\n<p>[\/et_pb_text][et_pb_text _builder_version=&#8221;4.16&#8243; _module_preset=&#8221;default&#8221; header_2_text_color=&#8221;#0f6882&#8243; header_3_text_color=&#8221;#ffffff&#8221; width=&#8221;68%&#8221; module_alignment=&#8221;center&#8221; custom_margin=&#8221;||38px|||&#8221; global_colors_info=&#8221;{}&#8221;]<\/p>\n<p class=\"p1\" style=\"text-align: center;\">In the last few years, we have heard more and more about \u201cdetransitions\u201d, \u201cdetransitioners\u201d or \u201cdesisters\u201d. But what do these words mean exactly? And what are we talking about when we talk about detransition?<\/p>\n<p>[\/et_pb_text][et_pb_button button_url=&#8221;\/what-is-detransition\/&#8221; button_text=&#8221;Read More&#8221; button_alignment=&#8221;center&#8221; _builder_version=&#8221;4.16&#8243; _module_preset=&#8221;default&#8221; button_icon=&#8221;&#x24;||divi||400&#8243; button_text_color_last_edited=&#8221;off|desktop&#8221; global_colors_info=&#8221;{}&#8221; button_text_color__hover_enabled=&#8221;on|desktop&#8221; button_bg_color__hover_enabled=&#8221;on|desktop&#8221; button_bg_color__hover=&#8221;#0f6882&#8243; button_bg_enable_color__hover=&#8221;on&#8221; button_text_color__hover=&#8221;#ffffff&#8221; button_border_color__hover_enabled=&#8221;on|hover&#8221; button_border_color__hover=&#8221;#0f6882&#8243; button_border_radius__hover_enabled=&#8221;on|hover&#8221; button_border_radius__hover=&#8221;3px&#8221;][\/et_pb_button][\/et_pb_column][\/et_pb_row][\/et_pb_section][et_pb_section fb_built=&#8221;1&#8243; _builder_version=&#8221;4.22.2&#8243; _module_preset=&#8221;default&#8221; background_image=&#8221;https:\/\/detransinfo.com\/wp-content\/uploads\/2023\/09\/dividerHompage-1.png&#8221; custom_margin=&#8221;-226px|||||&#8221; global_colors_info=&#8221;{}&#8221;][et_pb_row _builder_version=&#8221;4.16&#8243; _module_preset=&#8221;default&#8221; custom_padding=&#8221;219px||219px||true|&#8221; global_colors_info=&#8221;{}&#8221;][et_pb_column type=&#8221;4_4&#8243; _builder_version=&#8221;4.16&#8243; _module_preset=&#8221;default&#8221; global_colors_info=&#8221;{}&#8221;][\/et_pb_column][\/et_pb_row][\/et_pb_section][et_pb_section fb_built=&#8221;1&#8243; _builder_version=&#8221;4.16&#8243; _module_preset=&#8221;default&#8221; background_enable_color=&#8221;off&#8221; global_colors_info=&#8221;{}&#8221;][et_pb_row _builder_version=&#8221;4.16&#8243; _module_preset=&#8221;default&#8221; custom_padding=&#8221;130px||||false|false&#8221; global_colors_info=&#8221;{}&#8221;][et_pb_column type=&#8221;4_4&#8243; _builder_version=&#8221;4.16&#8243; _module_preset=&#8221;default&#8221; global_colors_info=&#8221;{}&#8221;][et_pb_text _builder_version=&#8221;4.23&#8243; _module_preset=&#8221;default&#8221; header_2_text_color=&#8221;#0f6882&#8243; header_2_font_size=&#8221;32px&#8221; header_3_text_color=&#8221;#ffffff&#8221; width=&#8221;100%&#8221; module_alignment=&#8221;left&#8221; custom_margin=&#8221;||0px|||&#8221; custom_margin_tablet=&#8221;||0px|||&#8221; custom_margin_phone=&#8221;||||false|false&#8221; custom_margin_last_edited=&#8221;on|phone&#8221; header_2_font_size_tablet=&#8221;32px&#8221; header_2_font_size_phone=&#8221;26px&#8221; header_2_font_size_last_edited=&#8221;on|phone&#8221; global_colors_info=&#8221;{}&#8221;]<\/p>\n<h2 class=\"p1\" style=\"text-align: left;\"><b>Bibliography<\/b><\/h2>\n<p>[\/et_pb_text][\/et_pb_column][\/et_pb_row][et_pb_row column_structure=&#8221;1_2,1_2&#8243; _builder_version=&#8221;4.16&#8243; _module_preset=&#8221;default&#8221; custom_padding=&#8221;0px||60px||false|false&#8221; global_colors_info=&#8221;{}&#8221;][et_pb_column type=&#8221;1_2&#8243; _builder_version=&#8221;4.16&#8243; _module_preset=&#8221;default&#8221; global_colors_info=&#8221;{}&#8221;][et_pb_text _builder_version=&#8221;4.16&#8243; _module_preset=&#8221;default&#8221; custom_margin=&#8221;|10px|||false|false&#8221; custom_margin_tablet=&#8221;|10px|30px||false|false&#8221; custom_margin_phone=&#8221;&#8221; custom_margin_last_edited=&#8221;on|tablet&#8221; global_colors_info=&#8221;{}&#8221;]<\/p>\n<p class=\"p1\"><a title=\"Alessandrin, A. (2019). La notion de regret dans la clinique du changement de genre. L\u2019\u00c9volution Psychiatrique, 84(2), Article 2.\" href=\"https:\/\/doi.org\/10.1016\/j.evopsy.2019.03.003\" target=\"_blank\" rel=\"noopener noreferrer\">Alessandrin, A. (2019). La notion de regret dans la clinique du changement de genre. L\u2019\u00c9volution Psychiatrique, 84(2), Article 2.<\/a><\/p>\n<p>[\/et_pb_text][\/et_pb_column][et_pb_column type=&#8221;1_2&#8243; _builder_version=&#8221;4.16&#8243; _module_preset=&#8221;default&#8221; global_colors_info=&#8221;{}&#8221;][et_pb_text _builder_version=&#8221;4.16&#8243; _module_preset=&#8221;default&#8221; global_colors_info=&#8221;{}&#8221;]<\/p>\n<p class=\"p1\"><a title=\"Ashley, F. (2019). Gender (De)Transitioning Before Puberty? A Response to Steensma and Cohen-Kettenis (2011). Archives of Sexual Behavior, 48(3), Article 3.\" href=\"https:\/\/doi.org\/10.1007\/s10508-018-1328-y\" target=\"_blank\" rel=\"noopener noreferrer\">Ashley, F. (2019). Gender (De)Transitioning Before Puberty? A Response to Steensma and Cohen-Kettenis (2011). <i>Archives of Sexual Behavior<\/i>, <i>48<\/i>(3), Article 3.<\/a><\/p>\n<p>[\/et_pb_text][\/et_pb_column][\/et_pb_row][et_pb_row custom_padding_last_edited=&#8221;on|phone&#8221; _builder_version=&#8221;4.23&#8243; _module_preset=&#8221;default&#8221; custom_padding=&#8221;0px||130px|||&#8221; custom_padding_tablet=&#8221;0px||130px|||&#8221; custom_padding_phone=&#8221;||60px||false|false&#8221; global_colors_info=&#8221;{}&#8221;][et_pb_column type=&#8221;4_4&#8243; _builder_version=&#8221;4.16&#8243; _module_preset=&#8221;default&#8221; global_colors_info=&#8221;{}&#8221;][et_pb_button button_url=&#8221;\/bibliography\/&#8221; button_text=&#8221;View More Articles&#8221; button_alignment=&#8221;center&#8221; _builder_version=&#8221;4.23&#8243; _module_preset=&#8221;default&#8221; button_icon=&#8221;&#x24;||divi||400&#8243; global_colors_info=&#8221;{}&#8221; button_text_color__hover_enabled=&#8221;on|desktop&#8221; button_bg_color__hover_enabled=&#8221;on|hover&#8221; button_text_color__hover=&#8221;#ffffff&#8221; button_bg_color__hover=&#8221;#21204b&#8221; button_bg_enable_color__hover=&#8221;on&#8221; button_border_color__hover_enabled=&#8221;on|hover&#8221; button_border_color__hover=&#8221;#21204b&#8221; button_border_radius__hover_enabled=&#8221;on|hover&#8221; button_border_radius__hover=&#8221;3px&#8221;][\/et_pb_button][\/et_pb_column][\/et_pb_row][\/et_pb_section][et_pb_section fb_built=&#8221;1&#8243; fullwidth=&#8221;on&#8221; _builder_version=&#8221;4.5.7&#8243; _module_preset=&#8221;default&#8221; background_color=&#8221;#21204b&#8221; global_module=&#8221;39042&#8243; saved_tabs=&#8221;all&#8221; global_colors_info=&#8221;{}&#8221;][et_pb_fullwidth_code _builder_version=&#8221;4.24.3&#8243; _module_preset=&#8221;default&#8221; background_color=&#8221;rgba(0,0,0,0)&#8221; text_orientation=&#8221;center&#8221; custom_margin=&#8221;|15px||15px|true|true&#8221; custom_padding=&#8221;15px||15px||true|false&#8221; hover_enabled=&#8221;0&#8243; global_colors_info=&#8221;{}&#8221; sticky_enabled=&#8221;0&#8243;]<pee  xmlns:cc=http:\/\/creativecommons.org\/ns# xmlns:dct='http:\/\/purl.org\/dc\/terms\/' style=\"color:white;font-size:14px;\"><a property=\"dct:title\" rel=\"cc:attributionURL\" href=https:\/\/detransinfo.com\/  style=\"color:white\">Detrans Support<\/a> was produced by project team members <span property=\"cc:attributionName\">Kinnon R. MacKinnon, Annie Pullen Sansfa\u00e7on, Hannah Kia, June H.S. Lam, Lori E. Ross, M\u00e9lanie Millette, Florence A. Par\u00e9, Wren A. Gould, Olivier Turbide, Morgane Gelly<\/span> is licensed under <a href='http:\/\/creativecommons.org\/licenses\/by-nc-nd\/4.0\/?' style=\"color:white\" ref=\"chooser-v1\" target=\"_blank\" rel=\"license noopener noreferrer\">CC BY-NC-ND 4.0<img style=\"height:22px!important;margin-left:3px;vertical-align:text-bottom;\" src=https:\/\/mirrors.creativecommons.org\/presskit\/icons\/cc.svg?ref=chooser-v1><img style=\"height:22px!important;margin-left:3px;vertical-align:text-bottom;\" src=https:\/\/mirrors.creativecommons.org\/presskit\/icons\/by.svg?ref=chooser-v1><img style=\"height:22px!important;margin-left:3px;vertical-align:text-bottom;\" src=https:\/\/mirrors.creativecommons.org\/presskit\/icons\/nc.svg?ref=chooser-v1><img style=\"height:22px!important;margin-left:3px;vertical-align:text-bottom;\" src=https:\/\/mirrors.creativecommons.org\/presskit\/icons\/nd.svg?ref=chooser-v1><\/a><\/pee>[\/et_pb_fullwidth_code][\/et_pb_section]<\/p>\n","protected":false},"excerpt":{"rendered":"<p>Purpose of Our ResourceWelcome to Detrans Support! This resource aims to provide up-to-date, data-driven information about detransition\/retransition. This information was designed to educate the general public, support people who are detransitioning, and to provide a resource for care providers, family, and loved ones of those who are detransitioning. Information provided on this website was developed [&hellip;]<\/p>\n","protected":false},"author":13,"featured_media":0,"parent":0,"menu_order":0,"comment_status":"closed","ping_status":"closed","template":"","meta":{"_et_pb_use_builder":"on","_et_pb_old_content":"","_et_gb_content_width":"","footnotes":""},"class_list":["post-38492","page","type-page","status-publish","hentry"],"yoast_head":"<!-- This site is optimized with the Yoast SEO plugin v26.8 - https:\/\/yoast.com\/product\/yoast-seo-wordpress\/ -->\n<title>Home - Detrans Support<\/title>\n<meta name=\"description\" content=\"Detransition, retransition, identity evolution, discontinuation, gender affirming care, detrans, transgender, non-binary, LGBTQ+, Kinnon MacKinnon, retrans\" \/>\n<meta name=\"robots\" content=\"index, follow, max-snippet:-1, max-image-preview:large, max-video-preview:-1\" \/>\n<link rel=\"canonical\" href=\"https:\/\/detransinfo.com\/fr\/\" \/>\n<meta property=\"og:locale\" content=\"fr_CA\" \/>\n<meta property=\"og:type\" content=\"article\" \/>\n<meta property=\"og:title\" content=\"Home - Detrans Support\" \/>\n<meta property=\"og:description\" content=\"Detransition, retransition, identity evolution, discontinuation, gender affirming care, detrans, transgender, non-binary, LGBTQ+, Kinnon MacKinnon, retrans\" \/>\n<meta property=\"og:url\" content=\"https:\/\/detransinfo.com\/fr\/\" \/>\n<meta property=\"og:site_name\" content=\"Detrans Support\" \/>\n<meta property=\"article:modified_time\" content=\"2024-04-16T14:29:23+00:00\" \/>\n<meta property=\"og:image\" content=\"https:\/\/detransinfo.com\/wp-content\/uploads\/2023\/09\/DetransSupportStraightEdge.png\" \/>\n\t<meta property=\"og:image:width\" content=\"130\" \/>\n\t<meta property=\"og:image:height\" content=\"84\" \/>\n\t<meta property=\"og:image:type\" content=\"image\/png\" \/>\n<meta name=\"twitter:card\" content=\"summary_large_image\" \/>\n<meta name=\"twitter:label1\" content=\"Estimation du temps de lecture\" \/>\n\t<meta name=\"twitter:data1\" content=\"4 minutes\" \/>\n<script type=\"application\/ld+json\" class=\"yoast-schema-graph\">{\"@context\":\"https:\/\/schema.org\",\"@graph\":[{\"@type\":\"WebPage\",\"@id\":\"https:\/\/detransinfo.com\/\",\"url\":\"https:\/\/detransinfo.com\/\",\"name\":\"Home - Detrans Support\",\"isPartOf\":{\"@id\":\"https:\/\/detransinfo.com\/#website\"},\"datePublished\":\"2022-01-27T18:36:21+00:00\",\"dateModified\":\"2024-04-16T14:29:23+00:00\",\"description\":\"Detransition, retransition, identity evolution, discontinuation, gender affirming care, detrans, transgender, non-binary, LGBTQ+, Kinnon MacKinnon, retrans\",\"breadcrumb\":{\"@id\":\"https:\/\/detransinfo.com\/#breadcrumb\"},\"inLanguage\":\"fr-CA\",\"potentialAction\":[{\"@type\":\"ReadAction\",\"target\":[\"https:\/\/detransinfo.com\/\"]}]},{\"@type\":\"BreadcrumbList\",\"@id\":\"https:\/\/detransinfo.com\/#breadcrumb\",\"itemListElement\":[{\"@type\":\"ListItem\",\"position\":1,\"name\":\"Home\",\"item\":\"https:\/\/detransinfo.com\/\"},{\"@type\":\"ListItem\",\"position\":2,\"name\":\"Home\"}]},{\"@type\":\"WebSite\",\"@id\":\"https:\/\/detransinfo.com\/#website\",\"url\":\"https:\/\/detransinfo.com\/\",\"name\":\"Detrans Support\",\"description\":\"Detransition, retransition, identity evolution, discontinuation, gender affirming care, detrans, transgender, non-binary, LGBTQ+, Kinnon MacKinnon\",\"alternateName\":\"Detrans Info\",\"potentialAction\":[{\"@type\":\"SearchAction\",\"target\":{\"@type\":\"EntryPoint\",\"urlTemplate\":\"https:\/\/detransinfo.com\/?s={search_term_string}\"},\"query-input\":{\"@type\":\"PropertyValueSpecification\",\"valueRequired\":true,\"valueName\":\"search_term_string\"}}],\"inLanguage\":\"fr-CA\"}]}<\/script>\n<!-- \/ Yoast SEO plugin. -->","yoast_head_json":{"title":"Home - Detrans Support","description":"Detransition, retransition, identity evolution, discontinuation, gender affirming care, detrans, transgender, non-binary, LGBTQ+, Kinnon MacKinnon, retrans","robots":{"index":"index","follow":"follow","max-snippet":"max-snippet:-1","max-image-preview":"max-image-preview:large","max-video-preview":"max-video-preview:-1"},"canonical":"https:\/\/detransinfo.com\/fr\/","og_locale":"fr_CA","og_type":"article","og_title":"Home - Detrans Support","og_description":"Detransition, retransition, identity evolution, discontinuation, gender affirming care, detrans, transgender, non-binary, LGBTQ+, Kinnon MacKinnon, retrans","og_url":"https:\/\/detransinfo.com\/fr\/","og_site_name":"Detrans Support","article_modified_time":"2024-04-16T14:29:23+00:00","og_image":[{"width":130,"height":84,"url":"https:\/\/detransinfo.com\/wp-content\/uploads\/2023\/09\/DetransSupportStraightEdge.png","type":"image\/png"}],"twitter_card":"summary_large_image","twitter_misc":{"Estimation du temps de lecture":"4 minutes"},"schema":{"@context":"https:\/\/schema.org","@graph":[{"@type":"WebPage","@id":"https:\/\/detransinfo.com\/","url":"https:\/\/detransinfo.com\/","name":"Home - Detrans Support","isPartOf":{"@id":"https:\/\/detransinfo.com\/#website"},"datePublished":"2022-01-27T18:36:21+00:00","dateModified":"2024-04-16T14:29:23+00:00","description":"Detransition, retransition, identity evolution, discontinuation, gender affirming care, detrans, transgender, non-binary, LGBTQ+, Kinnon MacKinnon, retrans","breadcrumb":{"@id":"https:\/\/detransinfo.com\/#breadcrumb"},"inLanguage":"fr-CA","potentialAction":[{"@type":"ReadAction","target":["https:\/\/detransinfo.com\/"]}]},{"@type":"BreadcrumbList","@id":"https:\/\/detransinfo.com\/#breadcrumb","itemListElement":[{"@type":"ListItem","position":1,"name":"Home","item":"https:\/\/detransinfo.com\/"},{"@type":"ListItem","position":2,"name":"Home"}]},{"@type":"WebSite","@id":"https:\/\/detransinfo.com\/#website","url":"https:\/\/detransinfo.com\/","name":"D\u00e9trans Info","description":"Detransition, retransition, identity evolution, discontinuation, gender affirming care, detrans, transgender, non-binary, LGBTQ+, Kinnon MacKinnon","alternateName":"Detrans Info","potentialAction":[{"@type":"SearchAction","target":{"@type":"EntryPoint","urlTemplate":"https:\/\/detransinfo.com\/?s={search_term_string}"},"query-input":{"@type":"PropertyValueSpecification","valueRequired":true,"valueName":"search_term_string"}}],"inLanguage":"fr-CA"}]}},"_links":{"self":[{"href":"https:\/\/detransinfo.com\/fr\/wp-json\/wp\/v2\/pages\/38492","targetHints":{"allow":["GET"]}}],"collection":[{"href":"https:\/\/detransinfo.com\/fr\/wp-json\/wp\/v2\/pages"}],"about":[{"href":"https:\/\/detransinfo.com\/fr\/wp-json\/wp\/v2\/types\/page"}],"author":[{"embeddable":true,"href":"https:\/\/detransinfo.com\/fr\/wp-json\/wp\/v2\/users\/13"}],"replies":[{"embeddable":true,"href":"https:\/\/detransinfo.com\/fr\/wp-json\/wp\/v2\/comments?post=38492"}],"version-history":[{"count":28,"href":"https:\/\/detransinfo.com\/fr\/wp-json\/wp\/v2\/pages\/38492\/revisions"}],"predecessor-version":[{"id":39153,"href":"https:\/\/detransinfo.com\/fr\/wp-json\/wp\/v2\/pages\/38492\/revisions\/39153"}],"wp:attachment":[{"href":"https:\/\/detransinfo.com\/fr\/wp-json\/wp\/v2\/media?parent=38492"}],"curies":[{"name":"wp","href":"https:\/\/api.w.org\/{rel}","templated":true}]}}